{"id":2,"date":"2020-02-03T16:55:53","date_gmt":"2020-02-03T16:55:53","guid":{"rendered":"https:\/\/driverbr.com\/?page_id=2"},"modified":"2023-12-07T14:29:50","modified_gmt":"2023-12-07T14:29:50","slug":"sample-page","status":"publish","type":"page","link":"https:\/\/driverbr.com\/","title":{"rendered":"Assist\u00eancia na conex\u00e3o e uso de dispositivos de computador. Download e instala\u00e7\u00e3o de software"},"content":{"rendered":"<p>O site fornece informa\u00e7\u00f5es sobre o uso de computadores e software. Estas informa\u00e7\u00f5es se encontram nas se\u00e7\u00f5es tem\u00e1ticas. Tamb\u00e9m no site voc\u00ea pode encontrar respostas a perguntas complexas que surgem ao usar impressoras, scanners, monitores, laptops e outros dispositivos de computador.<\/p>\n<p>Se voc\u00ea n\u00e3o souber como conectar um dispositivo adicional ao seu computador e precisar de instru\u00e7\u00f5es sobre como conect\u00e1-lo corretamente, voc\u00ea pode usar a barra de busca neste site (localizada na parte superior direita de qualquer p\u00e1gina) ou escrever para n\u00f3s.<\/p>\n<p>O software \u00e9 necess\u00e1rio para usar qualquer dispositivo de computador. \u00c9 recomend\u00e1vel que voc\u00ea use o software original que veio com seu dispositivo de computador. Se voc\u00ea n\u00e3o tiver o software e n\u00e3o conseguir encontr\u00e1-lo no website do fabricante do dispositivo de computador, n\u00f3s podemos ajud\u00e1-lo. Diga-nos o modelo de sua impressora, scanner, monitor ou outro dispositivo de computa\u00e7\u00e3o, bem como a vers\u00e3o do sistema operacional (por exemplo: Windows 11, Windows 10, Windows 8, etc.).<\/p>\n<p>Antes de usar uma impressora, scanner, monitor ou outro dispositivo de computador, voc\u00ea deve instalar o driver, que normalmente est\u00e1 localizado no disco que acompanha este dispositivo. Se n\u00e3o houver disco ou ele for perdido, ent\u00e3o voc\u00ea pode fazer o download do driver necess\u00e1rio no site. Sem um driver, o sistema operacional n\u00e3o pode detectar o dispositivo conectado.<\/p>\n<table style=\"border-collapse: collapse; width: 100%;\">\n<tbody>\n<tr>\n<td style=\"width: 100%;\"><img loading=\"lazy\" decoding=\"async\" class=\"size-full wp-image-58645 alignleft\" src=\"https:\/\/driverbr.com\/wp-content\/uploads\/2023\/12\/driver.webp\" alt=\"instalar driver\" width=\"80\" height=\"65\" \/><a href=\"https:\/\/driverbr.com\/?p=32486\">Como instalar o driver se n\u00e3o houver um arquivo setup.exe<\/a> e como instalar o driver usando o arquivo .INF. Nesse caso, abra o arquivo baixado que deve conter o driver e use o arquivo .INF para instalar. Neste artigo, informaremos e mostraremos como instalar um driver usando um arquivo .INF.<\/td>\n<\/tr>\n<tr>\n<td style=\"width: 100%;\"><img loading=\"lazy\" decoding=\"async\" class=\"size-full wp-image-58646 alignleft\" src=\"https:\/\/driverbr.com\/wp-content\/uploads\/2023\/12\/software.webp\" alt=\"Software para computador\" width=\"80\" height=\"65\" \/><a href=\"https:\/\/driverbr.com\/?p=32342\">Software essencial para qualquer computador<\/a>. Se voc\u00ea comprou um novo computador ou reinstalou o sistema operacional, nesta p\u00e1gina do site voc\u00ea encontrar\u00e1 todos os softwares necess\u00e1rios e as instru\u00e7\u00f5es para instal\u00e1-los. Software para sistemas operacionais: Windows 11, Windows 10, Windows 8.1, Windows 7, Vista, XP.<\/td>\n<\/tr>\n<tr>\n<td style=\"width: 100%;\"><img loading=\"lazy\" decoding=\"async\" class=\"size-full wp-image-58647 alignleft\" src=\"https:\/\/driverbr.com\/wp-content\/uploads\/2023\/12\/scanner.webp\" alt=\"software de scanner\" width=\"80\" height=\"79\" \/><a href=\"https:\/\/driverbr.com\/?p=39349\">Se voc\u00ea n\u00e3o conseguir encontrar um software de scanner<\/a> ou n\u00e3o souber como usar o scanner para digitalizar documentos e fotos. Esse problema ocorre porque algumas impressoras, scanners e multifuncionais t\u00eam apenas drivers, mas nenhum software espec\u00edfico para gerenciar o scanner.<\/td>\n<\/tr>\n<tr>\n<td style=\"width: 100%;\"><img loading=\"lazy\" decoding=\"async\" class=\"size-full wp-image-57731 alignleft\" src=\"https:\/\/driverbr.com\/wp-content\/uploads\/2023\/09\/defective-pixels.jpg\" alt=\"defective pixels\" width=\"80\" height=\"65\" \/><a href=\"https:\/\/driverbr.com\/?p=56887\">Como verificar se h\u00e1 pixels mortos em uma tela de TV ou monitor de computador.<\/a> Para a verifica\u00e7\u00e3o, voc\u00ea precisar\u00e1 de imagens de vermelho, verde e azul, pois os pixels v\u00eam apenas nessas tr\u00eas cores. Voc\u00ea tamb\u00e9m precisar\u00e1 de fotos em branco e preto, nas quais os pixels quebrados e outras falhas sejam claramente vis\u00edveis.<\/td>\n<\/tr>\n<\/tbody>\n<\/table>\n<p>A webcam n\u00e3o funciona no Windows 10<\/p>\n<table style=\"border-collapse: collapse; width: 100%;\">\n<tbody>\n<tr>\n<td style=\"width: 100%;\"><img loading=\"lazy\" decoding=\"async\" class=\"alignleft wp-image-32443 size-thumbnail\" src=\"https:\/\/driverbr.com\/wp-content\/uploads\/2021\/02\/Webcam-Doesnt-Work-on-Windows-10-3-150x150.jpg\" alt=\"\" width=\"150\" height=\"150\" \/>Sua webcam pode n\u00e3o funcionar no Windows 10 por v\u00e1rios motivos. As etapas normais de solu\u00e7\u00e3o de problemas se aplicam, mas o Windows 10 tem uma nova op\u00e7\u00e3o para todo o sistema que desativa completamente a webcam em todos os aplicativos. Verifique as op\u00e7\u00f5es de c\u00e2mera do Windows 10. No Windows 10, o aplicativo Configura\u00e7\u00f5es tem alguns bot\u00f5es que desabilitam a webcam em todos os aplicativos. Se voc\u00ea desativar sua webcam aqui, nem mesmo os aplicativos de desktop poder\u00e3o us\u00e1-la. <a href=\"https:\/\/driverbr.com\/?p=32440\">Consulte Mais informa\u00e7\u00e3o<\/a><\/td>\n<\/tr>\n<\/tbody>\n<\/table>\n<p>Como limpar e acelerar seu laptop e computador<\/p>\n<table style=\"border-collapse: collapse; width: 100%;\">\n<tbody>\n<tr>\n<td style=\"width: 100%;\"><img loading=\"lazy\" decoding=\"async\" class=\"wp-image-32103 size-thumbnail alignleft\" src=\"https:\/\/driverbr.com\/wp-content\/uploads\/2020\/02\/Drivers-e-software-150x150.jpg\" alt=\"\" width=\"150\" height=\"150\" \/>Quando voc\u00ea liga o laptop, v\u00e1rios programas s\u00e3o abertos e executados automaticamente. Os programas operando em segundo plano podem drenar o uso da CPU e diminuir o tempo de inicializa\u00e7\u00e3o. Demorando alguns minutos e fazendo alguns cliques, voc\u00ea pode aumentar o desempenho do seu laptop e economizar horas de espera. Para usu\u00e1rios do Windows 10, isso envolve abrir seu gerenciador de tarefas, clicar em Configura\u00e7\u00f5es, clicar em Aplicativos e, em seguida, clicar na guia Inicializar. <a href=\"https:\/\/driverbr.com\/?p=32438\">Consulte Mais informa\u00e7\u00e3o<\/a><\/td>\n<\/tr>\n<\/tbody>\n<\/table>\n<p>Solu\u00e7\u00e3o de problemas de um mouse sem fio que n\u00e3o est\u00e1 funcionando<\/p>\n<table style=\"border-collapse: collapse; width: 100%;\">\n<tbody>\n<tr>\n<td style=\"width: 100%;\"><img loading=\"lazy\" decoding=\"async\" class=\"wp-image-32436 size-thumbnail alignleft\" src=\"https:\/\/driverbr.com\/wp-content\/uploads\/2021\/02\/Troubleshooting-a-Wireless-Mouse-150x150.jpg\" alt=\"\" width=\"150\" height=\"150\" \/>Para muitos usu\u00e1rios de computador, o mouse \u00e9 a conex\u00e3o mais usada com o sistema. Nos dias modernos, \u00e9 quase imposs\u00edvel andar sem um mouse. Muitos usu\u00e1rios t\u00eam mouses sem fio hoje em dia. Ent\u00e3o, o que voc\u00ea faz quando o mouse sem fio n\u00e3o funciona ou o novo mouse que voc\u00ea comprou n\u00e3o \u00e9 reconhecido? \u00c9 hora de solucionar o problema! Solu\u00e7\u00e3o de problemas de mouse sem fio. <a href=\"https:\/\/driverbr.com\/?p=32435\">Consulte Mais informa\u00e7\u00e3o<\/a><\/td>\n<\/tr>\n<\/tbody>\n<\/table>\n<p>\u00c1udio n\u00e3o funciona em \u201cDiscord\u201d<\/p>\n<table style=\"border-collapse: collapse; width: 100%;\">\n<tbody>\n<tr>\n<td style=\"width: 100%;\"><img loading=\"lazy\" decoding=\"async\" class=\"wp-image-32433 size-thumbnail alignleft\" src=\"https:\/\/driverbr.com\/wp-content\/uploads\/2021\/02\/Audio-Discord-150x150.png\" alt=\"\" width=\"150\" height=\"150\" \/>Desde os prim\u00f3rdios da Internet de alta velocidade, VoIP (Voice over Internet Protocol) tem sido uma maneira popular de os jogadores de PC se comunicarem entre si. Embora Skype, Ventrilo, Mumble e TeamSpeak fossem populares, um aplicativo mais recente dominou o mercado recentemente. Com seu n\u00famero de integra\u00e7\u00f5es, interface f\u00e1cil de usar e, o melhor de tudo, nenhum custo de servidor para os usu\u00e1rios. <a href=\"https:\/\/driverbr.com\/?p=32432\">Consulte Mais informa\u00e7\u00e3o<\/a><\/td>\n<\/tr>\n<\/tbody>\n<\/table>\n<p>Dispositivos de tecnologia futuros International Ltd. Aplicativo Nota An_107. Op\u00e7\u00f5es avan\u00e7adas do driver<\/p>\n<table style=\"border-collapse: collapse; width: 100%;\">\n<tbody>\n<tr>\n<td style=\"width: 100%;\"><img loading=\"lazy\" decoding=\"async\" class=\"alignleft wp-image-32673 size-thumbnail\" src=\"https:\/\/driverbr.com\/wp-content\/uploads\/2021\/09\/img122-150x150.jpg\" alt=\"\" width=\"150\" height=\"150\" \/>Esta nota de aplicativo descreve as configura\u00e7\u00f5es e opera\u00e7\u00f5es avan\u00e7adas do driver para o driver do FTDI\u2019s CDM Windows. Isto destina-se a ser uma refer\u00eancia para engenheiros experientes desenvolvendo produtos incorporando dispositivos FTDI e drivers que s\u00e3o especialistas com dispositivos FTDI. Se voc\u00ea n\u00e3o tiver certeza sobre qualquer um dos recursos descritos neste documento, n\u00e3o altere nenhum dos seus arquivos de driver ou configura\u00e7\u00f5es do Registro e busque assist\u00eancia do suporte \u00e0 FTDI. <a href=\"https:\/\/driverbr.com\/?p=32672\">Consulte Mais informa\u00e7\u00e3o<\/a><\/td>\n<\/tr>\n<\/tbody>\n<\/table>\n<p>Como consertar \u201cUSB Device over current status detected\u201d quando voc\u00ea liga o computador<\/p>\n<table style=\"border-collapse: collapse; width: 100%;\">\n<tbody>\n<tr>\n<td style=\"width: 100%;\"><img loading=\"lazy\" decoding=\"async\" class=\"wp-image-32427 size-thumbnail alignleft\" src=\"https:\/\/driverbr.com\/wp-content\/uploads\/2021\/02\/USB-connectors-150x150.jpg\" alt=\"\" width=\"150\" height=\"150\" \/>O erro \u201cUSB Device over current status detected System will shut down after 15 seconds\u201d geralmente quando voc\u00ea est\u00e1 montando um novo PC e ligando-o pela primeira vez ou quando a porta USB da placa-m\u00e3e est\u00e1 danificada. Este erro \u00e9 bastante comum e as causas s\u00e3o bastante diversas. Esse erro geralmente significa que o computador desligou um dispositivo USB devido a um circuito de sobrecarga. Ele faz isso para proteger seu hardware de danos futuros. <a href=\"https:\/\/driverbr.com\/?p=32425\">Consulte Mais informa\u00e7\u00e3o<\/a><\/td>\n<\/tr>\n<\/tbody>\n<\/table>\n<p>Como resolver a mensagem de erro \u201cHP OfficeJet est\u00e1 em estado de erro\u201d<\/p>\n<table style=\"border-collapse: collapse; width: 100%;\">\n<tbody>\n<tr>\n<td style=\"width: 100%;\"><img loading=\"lazy\" decoding=\"async\" class=\"wp-image-32447 size-thumbnail alignleft\" src=\"https:\/\/driverbr.com\/wp-content\/uploads\/2021\/02\/HP-OfficeJet-is-in-Error-State-150x150.jpg\" alt=\"\" width=\"150\" height=\"150\" \/>Por que aparece a mensagem de erro \u201cHP OfficeJet est\u00e1 em estado de erro\u201d? \u201cA impressora HP est\u00e1 em estado de erro\u201d \u00e9 uma mensagem que aparece em uma caixa pop-up na tela do computador quando voc\u00ea tenta se conectar ou imprimir de seu dispositivo. Existem muitos motivos pelos quais esse c\u00f3digo de erro aparece, mas na maioria das vezes, ele resulta de uma altera\u00e7\u00e3o recente do software, como uma atualiza\u00e7\u00e3o do Windows, que interfere na comunica\u00e7\u00e3o entre o seu sistema e a impressora conectada. <a href=\"https:\/\/driverbr.com\/?p=32446\">Consulte Mais informa\u00e7\u00e3o<\/a><\/td>\n<\/tr>\n<\/tbody>\n<\/table>\n<p>No site voc\u00ea pode baixar drivers (software) para Windows 11, Windows 10, Windows 8, Windows 8.1, Windows 7, Windows Vista, Windows XP (64 bits \/ 32 bits) Mac OS e outros sistemas operacionais.<\/p>\n<p>Esperamos que nosso site o ajude na solu\u00e7\u00e3o de problemas de interesse.<\/p>\n<p>Se\u00e7\u00f5es tem\u00e1ticas do site: <a href=\"https:\/\/driverbr.com\/?cat=67\">Driver A4Tech<\/a> \/ <a href=\"https:\/\/driverbr.com\/?cat=77\">Driver Cougar<\/a> \/ <a href=\"https:\/\/driverbr.com\/?cat=103\">Driver FebSmart<\/a> \/ <a href=\"https:\/\/driverbr.com\/?cat=99\">Fujitsu<\/a> \/ <a href=\"https:\/\/driverbr.com\/?cat=106\">Driver GAOMON<\/a> \/ <a href=\"https:\/\/driverbr.com\/?cat=72\">Driver Genius<\/a> \/ <a href=\"https:\/\/driverbr.com\/?cat=84\">Driver HAVIT<\/a> \/ <a href=\"https:\/\/driverbr.com\/?cat=97\">Driver HyperX<\/a> \/ <a href=\"https:\/\/driverbr.com\/?cat=90\">Driver Lite-ON (LITEON)<\/a> \/ <a href=\"https:\/\/driverbr.com\/?cat=42\">Driver Logitech<\/a> \/ <a href=\"https:\/\/driverbr.com\/?cat=87\">Driver Mitsubishi<\/a> \/ <a href=\"https:\/\/driverbr.com\/?cat=114\">Driver NexiGo<\/a> \/ <a href=\"https:\/\/driverbr.com\/?cat=101\">Driver ORICO<\/a> \/ <a href=\"https:\/\/driverbr.com\/?cat=63\">Driver Panasonic<\/a> \/ <a href=\"https:\/\/driverbr.com\/?cat=86\">Driver para Monitor AOC<\/a> \/ <a href=\"https:\/\/driverbr.com\/?cat=69\">Driver para Monitor BenQ<\/a> \/ <a href=\"https:\/\/driverbr.com\/?cat=64\">Driver Razer<\/a> \/ <a href=\"https:\/\/driverbr.com\/?cat=105\">Driver Redragon<\/a> \/ <a href=\"https:\/\/driverbr.com\/?cat=102\">Driver Sabrent<\/a> \/ <a href=\"https:\/\/driverbr.com\/?cat=82\">Driver SEYPOS<\/a> \/ <a href=\"https:\/\/driverbr.com\/?cat=78\">Driver ThunderX3<\/a> \/ <a href=\"https:\/\/driverbr.com\/?cat=49\">Driver TOSHIBA<\/a> \/ <a href=\"https:\/\/driverbr.com\/?cat=104\">Driver UGREEN<\/a> \/ <a href=\"https:\/\/driverbr.com\/?cat=115\">Driver UHURU<\/a> \/ <a href=\"https:\/\/driverbr.com\/?cat=61\">Driver VIA<\/a> \/ <a href=\"https:\/\/driverbr.com\/?cat=79\">Driver Wacom<\/a> \/ <a href=\"https:\/\/driverbr.com\/?cat=107\">Driver X-MEDIA<\/a> \/ <a href=\"https:\/\/driverbr.com\/?cat=81\">Driver XP-Pen<\/a> \/ <a href=\"https:\/\/driverbr.com\/?cat=54\">Drivers para Laptop Acer<\/a> \/ <a href=\"https:\/\/driverbr.com\/?cat=89\">Drivers para Laptop ASUS<\/a> \/ <a href=\"https:\/\/driverbr.com\/?cat=74\">Drivers para Laptop DEXP<\/a> \/ <a href=\"https:\/\/driverbr.com\/?cat=83\">Drivers para Laptop HP<\/a> \/ <a href=\"https:\/\/driverbr.com\/?cat=71\">Drivers para Laptop Lenovo<\/a> \/ <a href=\"https:\/\/driverbr.com\/?cat=44\">Drivers para Laptop Machenike<\/a> \/ <a href=\"https:\/\/driverbr.com\/?cat=88\">Drivers para Laptop MEDION<\/a> \/ <a href=\"https:\/\/driverbr.com\/?cat=55\">Drivers para Laptop MSI<\/a> \/ <a href=\"https:\/\/driverbr.com\/?cat=53\">Drivers para Laptop Samsung<\/a> \/ <a href=\"https:\/\/driverbr.com\/?cat=57\">Drivers para Notebook, Laptop<\/a> \/ <a href=\"https:\/\/driverbr.com\/?cat=43\">Driver de impressora e scanner Canon<\/a> \/ <a href=\"https:\/\/driverbr.com\/?cat=91\">Driver para Impressora Brother<\/a> \/ <a href=\"https:\/\/driverbr.com\/?cat=76\">Driver para Impressora DNP<\/a> \/ <a href=\"https:\/\/driverbr.com\/?cat=48\">Driver para Impressora Epson<\/a> \/ <a href=\"https:\/\/driverbr.com\/?cat=46\">Driver para Impressora HP<\/a> \/ <a href=\"https:\/\/driverbr.com\/?cat=62\">Driver para Impressora Kyocera<\/a> \/ <a href=\"https:\/\/driverbr.com\/?cat=50\">Driver para Impressora Lexmark<\/a> \/ <a href=\"https:\/\/driverbr.com\/?cat=65\">Driver para Impressora OKI<\/a> \/ <a href=\"https:\/\/driverbr.com\/?cat=58\">Driver para Impressora Pantum<\/a> \/ <a href=\"https:\/\/driverbr.com\/?cat=66\">Driver para Impressora Ricoh<\/a> \/ <a href=\"https:\/\/driverbr.com\/?cat=52\">Driver para Impressora Samsung<\/a> \/ <a href=\"https:\/\/driverbr.com\/?cat=93\">Driver para Impressora SATO<\/a> \/ <a href=\"https:\/\/driverbr.com\/?cat=51\">Driver para Impressora Xerox<\/a> \/ <a href=\"https:\/\/driverbr.com\/?cat=59\">Driver para placa de v\u00eddeo NVIDIA GeForce<\/a> \/ <a href=\"https:\/\/driverbr.com\/?cat=60\">Driver para placa de v\u00eddeo NVIDIA Quadro<\/a> \/ <a href=\"https:\/\/driverbr.com\/?cat=92\">Driver para Scanner Epson<\/a> \/ <a href=\"https:\/\/driverbr.com\/?cat=75\">Driver para Scanner Mustek<\/a> \/ <a href=\"https:\/\/driverbr.com\/?cat=116\">iiyama Monitor Driver<\/a> \/ <a href=\"https:\/\/driverbr.com\/?cat=40\">Software<\/a> \/ <a href=\"https:\/\/driverbr.com\/?cat=47\">Universal Driver<\/a> \/ <a href=\"https:\/\/driverbr.com\/wp-content\/uploads\/2020\/03\/Driver.zip\">Drivers<\/a> \/ <a href=\"https:\/\/driverbr.com\/wp-content\/uploads\/2020\/03\/Software-de-computador.zip\">Software<\/a><\/p>\n<div class=\"social-share-buttons\"><a href=\"https:\/\/www.facebook.com\/sharer\/sharer.php?u=https:\/\/driverbr.com\/\" target=\"_blank\" rel=\"noopener\">Facebook<\/a><a href=\"https:\/\/twitter.com\/intent\/tweet?url=https:\/\/driverbr.com\/&text=Assist%C3%AAncia+na+conex%C3%A3o+e+uso+de+dispositivos+de+computador.+Download+e+instala%C3%A7%C3%A3o+de+software\" target=\"_blank\" rel=\"noopener\">Twitter<\/a><a href=\"https:\/\/www.linkedin.com\/shareArticle?url=https:\/\/driverbr.com\/&title=Assist%C3%AAncia+na+conex%C3%A3o+e+uso+de+dispositivos+de+computador.+Download+e+instala%C3%A7%C3%A3o+de+software\" target=\"_blank\" rel=\"noopener\">LinkedIn<\/a><a href=\"https:\/\/pinterest.com\/pin\/create\/button\/?url=https:\/\/driverbr.com\/&description=Assist%C3%AAncia+na+conex%C3%A3o+e+uso+de+dispositivos+de+computador.+Download+e+instala%C3%A7%C3%A3o+de+software\" target=\"_blank\" rel=\"noopener\">Pinterest<\/a><\/div>","protected":false},"excerpt":{"rendered":"<p>O site fornece informa\u00e7\u00f5es sobre o uso de computadores e software. Estas informa\u00e7\u00f5es se encontram nas se\u00e7\u00f5es tem\u00e1ticas. Tamb\u00e9m no site voc\u00ea pode encontrar respostas a perguntas complexas que surgem ao usar impressoras, scanners, monitores, laptops e outros dispositivos de&hellip;<\/p>\n<p class=\"more-link-p\"><a class=\"more-link\" href=\"https:\/\/driverbr.com\/\">Read more &rarr;<\/a><\/p>\n","protected":false},"author":1,"featured_media":0,"parent":0,"menu_order":0,"comment_status":"closed","ping_status":"open","template":"","meta":{"_lmt_disableupdate":"no","_lmt_disable":"","footnotes":""},"class_list":["post-2","page","type-page","status-publish","hentry"],"_links":{"self":[{"href":"https:\/\/driverbr.com\/index.php?rest_route=\/wp\/v2\/pages\/2","targetHints":{"allow":["GET"]}}],"collection":[{"href":"https:\/\/driverbr.com\/index.php?rest_route=\/wp\/v2\/pages"}],"about":[{"href":"https:\/\/driverbr.com\/index.php?rest_route=\/wp\/v2\/types\/page"}],"author":[{"embeddable":true,"href":"https:\/\/driverbr.com\/index.php?rest_route=\/wp\/v2\/users\/1"}],"replies":[{"embeddable":true,"href":"https:\/\/driverbr.com\/index.php?rest_route=%2Fwp%2Fv2%2Fcomments&post=2"}],"version-history":[{"count":0,"href":"https:\/\/driverbr.com\/index.php?rest_route=\/wp\/v2\/pages\/2\/revisions"}],"wp:attachment":[{"href":"https:\/\/driverbr.com\/index.php?rest_route=%2Fwp%2Fv2%2Fmedia&parent=2"}],"curies":[{"name":"wp","href":"https:\/\/api.w.org\/{rel}","templated":true}]}}